{"id":162,"date":"2022-02-01T18:30:30","date_gmt":"2022-02-01T17:30:30","guid":{"rendered":"https:\/\/www.atelier.unina.it\/?page_id=162"},"modified":"2022-02-01T18:33:44","modified_gmt":"2022-02-01T17:33:44","slug":"antonella-ciotola","status":"publish","type":"page","link":"https:\/\/www.atelier.unina.it\/index.php\/team\/antonella-ciotola\/","title":{"rendered":"Antonella Ciotola"},"content":{"rendered":"\n<p><strong>Dipartimento di Studi Umanistici, Universit\u00e0 degli Studi di Napoli \u201cFederico II\u201d<\/strong><\/p>\n\n\n\n<p><strong>Assegnista di Ricerca (SSD LANT\/07)<\/strong><\/p>\n\n\n\n<p><strong>Formazione<\/strong><\/p>\n\n\n\n<p><strong>26\/10\/2010:<\/strong> Laurea specialistica in Archeologia e Storia dell\u2019Arte antica, con voto 110\/110 e lode presso l\u2019Universit\u00e0 degli Studi di Napoli \u201cFederico II\u201d<\/p>\n\n\n\n<p><strong>26\/02\/2013:<\/strong> Diploma di specializzazione in Beni Archeologici conseguito con voto 110\/110 e lode presso l\u2019Universit\u00e0 degli Studi di Napoli \u201cFederico II\u201d<\/p>\n\n\n\n<p><strong>27\/10\/2017:<\/strong> Dottorato di Ricerca in Scienze archeologiche e storico-artistiche presso Universit\u00e0 degli Studi di Napoli \u201cFederico II\u201d in cotutela internazionale con l\u2019\u00c9cole Pratique des Hautes \u00c9tudes (EPHE) de Paris. \u00c9cole Doctorale 472. Mention: Histoire, Textes, Documents (HTD). Con la supervisione della prof.ssa Carmela Capaldi, Universit\u00e0 degli Studi di Napoli \u201cFederico II\u201d e del prof. Jean-Pierre Brun, Coll\u00e8ge de France.<\/p>\n\n\n\n<p><strong>2018-2020: <\/strong>Assegno di ricerca in Archeologia Classica (L-ANT\/07) presso il Dipartimento di Studi Umanistici, Universit\u00e0 degli Studi di Napoli \u201cFederico II\u201d<\/p>\n\n\n\n<p><strong>2020-2021:<\/strong> Borsista presso il Dipartimento di Studi Umanistici, Universit\u00e0 degli Studi di Napoli \u201cFederico II\u201d<\/p>\n\n\n\n<p><strong>Partecipazione a progetti di ricerca finanziati<\/strong><\/p>\n\n\n\n<p><strong>&#8211; <\/strong>Regione Campania &#8211; RIPA-PAUN \u201cRete Intelligente dei Parchi Archeologici &#8211; Parco Archeologico di Napoli\u201d (borsista)<\/p>\n\n\n\n<p>&#8211; Ricerca Dipartimentale 70% 2019, 2020, 2021 (componente)<\/p>\n\n\n\n<p><strong>Partecipazione a congressi e seminari<\/strong><\/p>\n\n\n\n<p>Napoli (2015, 2017, 2018, 2021), Reims (2018), Valencia (2019)<\/p>\n\n\n\n<p><strong>Principali pubblicazioni attinenti alle tematiche del progetto \u2018Atelier\u2019<\/strong><\/p>\n\n\n\n<p>A. Ciotola, <em>In cumana compones. La ceramica comune di et\u00e0 romana dal foro di Cuma<\/em>, Quaderni del Centro Studi Magna Grecia 26, Studi Cumani 5, Napoli 2020, ISBN 978-88-7478-057-0.<\/p>\n\n\n\n<p>F. Izzo, V. Guarino, A. Ciotola, M. Verde, A. De Bonis, C. Capaldi, V. Morra,&nbsp; <em>An archaeometric investigation in a consumption context: Exotic, imitation and traditional ceramic productions from the Forum of Cumae (southern Italy)<\/em>, in Journal of Archaeological Science: Reports, Volume 35, 2021, 102768, ISSN 2352-409X.<\/p>\n\n\n\n<p>A. Ciotola, <em>Immagini gladiatorie sulle lucerne e su <\/em>instrumentum domesticum, in V. Sampaolo (a cura di), Gladiatori, Cat. Mostra Napoli 8 Marzo-30 giugno 2021, Milano 2020, pp. 214-217, ISBN 978889282010-4.<\/p>\n\n\n\n<p>A. Ciotola, <em>Le puits du \u00abNymph\u00e9e des Luccei\u00bb du Forum de Cumes (Italie): un ensemble c\u00e9ramique de l\u2019\u00e9poque august\u00e9enne<\/em>, in Actes du Congr\u00e8s de la SFECAG, (Reims, 10-13 mai 2018), Marseille 2018, pp. 369-380,&nbsp; ISSN 1297-8213.<\/p>\n","protected":false},"excerpt":{"rendered":"<p>Dipartimento di Studi Umanistici, Universit\u00e0 degli Studi di Napoli \u201cFederico II\u201d Assegnista di Ricerca (SSD LANT\/07) Formazione 26\/10\/2010: Laurea specialistica in Archeologia e Storia dell\u2019Arte antica, con voto 110\/110 e lode presso l\u2019Universit\u00e0 degli Studi di Napoli \u201cFederico II\u201d 26\/02\/2013: Diploma di specializzazione in Beni Archeologici conseguito con voto 110\/110 e lode presso l\u2019Universit\u00e0 degli [&hellip;]<\/p>\n","protected":false},"author":1,"featured_media":0,"parent":24,"menu_order":0,"comment_status":"closed","ping_status":"closed","template":"","meta":[],"_links":{"self":[{"href":"https:\/\/www.atelier.unina.it\/index.php\/wp-json\/wp\/v2\/pages\/162"}],"collection":[{"href":"https:\/\/www.atelier.unina.it\/index.php\/wp-json\/wp\/v2\/pages"}],"about":[{"href":"https:\/\/www.atelier.unina.it\/index.php\/wp-json\/wp\/v2\/types\/page"}],"author":[{"embeddable":true,"href":"https:\/\/www.atelier.unina.it\/index.php\/wp-json\/wp\/v2\/users\/1"}],"replies":[{"embeddable":true,"href":"https:\/\/www.atelier.unina.it\/index.php\/wp-json\/wp\/v2\/comments?post=162"}],"version-history":[{"count":2,"href":"https:\/\/www.atelier.unina.it\/index.php\/wp-json\/wp\/v2\/pages\/162\/revisions"}],"predecessor-version":[{"id":166,"href":"https:\/\/www.atelier.unina.it\/index.php\/wp-json\/wp\/v2\/pages\/162\/revisions\/166"}],"up":[{"embeddable":true,"href":"https:\/\/www.atelier.unina.it\/index.php\/wp-json\/wp\/v2\/pages\/24"}],"wp:attachment":[{"href":"https:\/\/www.atelier.unina.it\/index.php\/wp-json\/wp\/v2\/media?parent=162"}],"curies":[{"name":"wp","href":"https:\/\/api.w.org\/{rel}","templated":true}]}}