{"id":56,"date":"2022-02-01T13:35:39","date_gmt":"2022-02-01T12:35:39","guid":{"rendered":"https:\/\/www.atelier.unina.it\/?page_id=56"},"modified":"2022-02-01T16:56:26","modified_gmt":"2022-02-01T15:56:26","slug":"prodotti-e-risultati-attesi","status":"publish","type":"page","link":"https:\/\/www.atelier.unina.it\/index.php\/progetto\/prodotti-e-risultati-attesi\/","title":{"rendered":"PRODOTTI E RISULTATI ATTESI"},"content":{"rendered":"\n<p style=\"font-size:17px\"><strong>I prodotti della ricerca sono:<\/strong><\/p>\n\n\n\n<ul style=\"font-size:17px\"><li>Sito WEB di progetto con la presentazione del programma di lavoro, dello sviluppo della ricerca, dei risultati raggiunti.<\/li><li>Corpus delle fonti storiche.<\/li><li>Corpus delle fonti giuridiche.<\/li><li>Corpus delle fonti epigrafiche (bolli, graffiti e&nbsp;<em>tituli picti<\/em>).<\/li><li>Corpus delle forme ceramiche e dei rispettivi&nbsp;<em>fabrics.<\/em><\/li><li>Pubblicazione a stampa su riviste scientifiche e produzione di un volume finale.<\/li><\/ul>\n\n\n\n<p style=\"font-size:17px\">L\u2019integrazione tra gli studi prettamente tipologici e quelli morfologici e archeometrici \u00e8 utile all\u2019individuazione dei centri produttivi. La sistematizzazione e il trattamento statistico dei dati alimentano e coadiuvano gli studi storico-economici sulle dinamiche di scambio e sulla circolazione dei materiali. La raccolta e lo studio delle attestazioni epigrafiche pu\u00f2 fornire indicazioni per comprendere l\u2019organizzazione del lavoro negli&nbsp;<em>ateliers<\/em>.<\/p>\n\n\n\n<p style=\"font-size:17px\">Tutti i database dovranno confluire in un unico archivio informatizzato.<\/p>\n\n\n\n<p style=\"font-size:17px\"><strong>I risultati scientifici attesi sono:<\/strong><\/p>\n\n\n\n<ul style=\"font-size:17px\"><li>Sviluppo di nuove competenze e capacit\u00e0 di lavoro in \u00e9quipes interdisciplinari.<\/li><li>Promozione del dibattito scientifico sui temi oggetto del progetto di ricerca attraverso:<\/li><li>Organizzazione di seminari interdisciplinari organizzati nel corso del primo anno di attivit\u00e0.<\/li><li>&nbsp;Partecipazione a convegni su tematiche attinenti per la discussione dei risultati di ricerca.<\/li><li>Organizzazione di un Convegno Internazionale alla fine del secondo anno di ricerca e pubblicazione dei risultati raggiunti.<\/li><li>Ampliamento della rete di relazioni e collaborazioni scientifiche internazionali dell\u2019Ateneo.<\/li><\/ul>\n\n\n\n<p style=\"font-size:17px\">Ad una prima fase di selezione e raccolta dei dati, in cui i componenti del progetto opereranno nello specifico settore di competenza, seguir\u00e0 un pi\u00f9 significativo momento di presentazione e discussione collettiva dei dati. Il confronto aperto anche ad altri specialisti del settore, avverr\u00e0 attraverso lo scambio quotidiano di informazioni e soprattutto il loro esame congiunto. La metodologia di indagine interdisciplinare, che inizialmente riguarder\u00e0 l\u2019esame di un \u2018campione\u2019, rappresentato dalla produzione ceramica dell\u2019area di Cuma, \u00e8 stata costruita in modo da essere replicabile anche con riguardo ad altre importanti realt\u00e0 storiche e geografiche. Attraverso lo studio dei manufatti si potr\u00e0 poi contribuire all\u2019analisi delle produzioni agricole del territorio campano nel loro evolversi nel tempo. Anche l\u2019esame dell\u2019organizzazione del lavoro artigianale in epoca imperiale potr\u00e0 costituire un profilo di confronto con altre realt\u00e0. Nell\u2019intenzione dei proponenti i risultati scientifici dovranno costituire la base per concorrere ad altre forme di finanziamento competitivo nazionale e internazionale. La successiva ricerca coinvolgerebbe archeologi, storici, epigrafisti e giuristi, anche di altre istituzioni italiane e straniere, nonch\u00e9 studiosi di diverse discipline (geologia, agraria, storia medievale e moderna, diritto positivo), ampliandone proficuamente l\u2019interazione.<\/p>\n","protected":false},"excerpt":{"rendered":"<p>I prodotti della ricerca sono: Sito WEB di progetto con la presentazione del programma di lavoro, dello sviluppo della ricerca, dei risultati raggiunti. Corpus delle fonti storiche. Corpus delle fonti giuridiche. Corpus delle fonti epigrafiche (bolli, graffiti e&nbsp;tituli picti). Corpus delle forme ceramiche e dei rispettivi&nbsp;fabrics. Pubblicazione a stampa su riviste scientifiche e produzione di [&hellip;]<\/p>\n","protected":false},"author":1,"featured_media":0,"parent":33,"menu_order":0,"comment_status":"closed","ping_status":"closed","template":"","meta":[],"_links":{"self":[{"href":"https:\/\/www.atelier.unina.it\/index.php\/wp-json\/wp\/v2\/pages\/56"}],"collection":[{"href":"https:\/\/www.atelier.unina.it\/index.php\/wp-json\/wp\/v2\/pages"}],"about":[{"href":"https:\/\/www.atelier.unina.it\/index.php\/wp-json\/wp\/v2\/types\/page"}],"author":[{"embeddable":true,"href":"https:\/\/www.atelier.unina.it\/index.php\/wp-json\/wp\/v2\/users\/1"}],"replies":[{"embeddable":true,"href":"https:\/\/www.atelier.unina.it\/index.php\/wp-json\/wp\/v2\/comments?post=56"}],"version-history":[{"count":6,"href":"https:\/\/www.atelier.unina.it\/index.php\/wp-json\/wp\/v2\/pages\/56\/revisions"}],"predecessor-version":[{"id":135,"href":"https:\/\/www.atelier.unina.it\/index.php\/wp-json\/wp\/v2\/pages\/56\/revisions\/135"}],"up":[{"embeddable":true,"href":"https:\/\/www.atelier.unina.it\/index.php\/wp-json\/wp\/v2\/pages\/33"}],"wp:attachment":[{"href":"https:\/\/www.atelier.unina.it\/index.php\/wp-json\/wp\/v2\/media?parent=56"}],"curies":[{"name":"wp","href":"https:\/\/api.w.org\/{rel}","templated":true}]}}